{"id":5,"date":"2021-07-10T18:05:35","date_gmt":"2021-07-10T16:05:35","guid":{"rendered":"http:\/\/septlieues.fr\/?page_id=5"},"modified":"2025-03-20T10:21:58","modified_gmt":"2025-03-20T09:21:58","slug":"accueil","status":"publish","type":"page","link":"https:\/\/septlieues.fr\/index.php\/accueil\/","title":{"rendered":"Accueil"},"content":{"rendered":"\n<p>Bienvenue sur votre site\u00a0! C\u2019est votre page d\u2019accueil que vos visiteurs verront lorsqu\u2019ils arriveront sur votre site la premi\u00e8re fois.<\/p>\n","protected":false},"excerpt":{"rendered":"<p>Bienvenue sur votre site\u00a0! C\u2019est votre page d\u2019accueil que vos visiteurs verront lorsqu\u2019ils arriveront sur votre site la premi\u00e8re fois.<\/p>\n","protected":false},"author":1,"featured_media":0,"parent":0,"menu_order":0,"comment_status":"closed","ping_status":"closed","template":"","meta":{"footnotes":""},"class_list":["post-5","page","type-page","status-publish","hentry"],"yoast_head":"<!-- This site is optimized with the Yoast SEO plugin v27.5 - https:\/\/yoast.com\/product\/yoast-seo-wordpress\/ -->\n<title>Accueil -<\/title>\n<meta name=\"description\" content=\"Sept Lieues vous propose un accompagnement complet : strat\u00e9gie de communication, cr\u00e9ation de contenus, graphisme print et web, \u00e0 B\u00e8gles.\" \/>\n<meta name=\"robots\" content=\"index, follow, max-snippet:-1, max-image-preview:large, max-video-preview:-1\" \/>\n<link rel=\"canonical\" href=\"https:\/\/septlieues.fr\/index.php\/accueil\/\" \/>\n<meta property=\"og:locale\" content=\"fr_FR\" \/>\n<meta property=\"og:type\" content=\"article\" \/>\n<meta property=\"og:title\" content=\"Accueil -\" \/>\n<meta property=\"og:description\" content=\"Sept Lieues vous propose un accompagnement complet : strat\u00e9gie de communication, cr\u00e9ation de contenus, graphisme print et web, \u00e0 B\u00e8gles.\" \/>\n<meta property=\"og:url\" content=\"https:\/\/septlieues.fr\/index.php\/accueil\/\" \/>\n<meta property=\"article:modified_time\" content=\"2025-03-20T09:21:58+00:00\" \/>\n<meta name=\"twitter:card\" content=\"summary_large_image\" \/>\n<meta name=\"twitter:label1\" content=\"Dur\u00e9e de lecture estim\u00e9e\" \/>\n\t<meta name=\"twitter:data1\" content=\"1 minute\" \/>\n<script type=\"application\/ld+json\" class=\"yoast-schema-graph\">{\"@context\":\"https:\\\/\\\/schema.org\",\"@graph\":[{\"@type\":\"WebPage\",\"@id\":\"https:\\\/\\\/septlieues.fr\\\/index.php\\\/accueil\\\/\",\"url\":\"https:\\\/\\\/septlieues.fr\\\/index.php\\\/accueil\\\/\",\"name\":\"Accueil -\",\"isPartOf\":{\"@id\":\"https:\\\/\\\/septlieues.fr\\\/#website\"},\"datePublished\":\"2021-07-10T16:05:35+00:00\",\"dateModified\":\"2025-03-20T09:21:58+00:00\",\"description\":\"Sept Lieues vous propose un accompagnement complet : strat\u00e9gie de communication, cr\u00e9ation de contenus, graphisme print et web, \u00e0 B\u00e8gles.\",\"breadcrumb\":{\"@id\":\"https:\\\/\\\/septlieues.fr\\\/index.php\\\/accueil\\\/#breadcrumb\"},\"inLanguage\":\"fr-FR\",\"potentialAction\":[{\"@type\":\"ReadAction\",\"target\":[\"https:\\\/\\\/septlieues.fr\\\/index.php\\\/accueil\\\/\"]}]},{\"@type\":\"BreadcrumbList\",\"@id\":\"https:\\\/\\\/septlieues.fr\\\/index.php\\\/accueil\\\/#breadcrumb\",\"itemListElement\":[{\"@type\":\"ListItem\",\"position\":1,\"name\":\"Accueil\",\"item\":\"https:\\\/\\\/septlieues.fr\\\/\"},{\"@type\":\"ListItem\",\"position\":2,\"name\":\"Accueil\"}]},{\"@type\":\"WebSite\",\"@id\":\"https:\\\/\\\/septlieues.fr\\\/#website\",\"url\":\"https:\\\/\\\/septlieues.fr\\\/\",\"name\":\"\",\"description\":\"COMMUNICATION &amp; GRAPHISME\",\"potentialAction\":[{\"@type\":\"SearchAction\",\"target\":{\"@type\":\"EntryPoint\",\"urlTemplate\":\"https:\\\/\\\/septlieues.fr\\\/?s={search_term_string}\"},\"query-input\":{\"@type\":\"PropertyValueSpecification\",\"valueRequired\":true,\"valueName\":\"search_term_string\"}}],\"inLanguage\":\"fr-FR\"}]}<\/script>\n<!-- \/ Yoast SEO plugin. -->","yoast_head_json":{"title":"Accueil -","description":"Sept Lieues vous propose un accompagnement complet : strat\u00e9gie de communication, cr\u00e9ation de contenus, graphisme print et web, \u00e0 B\u00e8gles.","robots":{"index":"index","follow":"follow","max-snippet":"max-snippet:-1","max-image-preview":"max-image-preview:large","max-video-preview":"max-video-preview:-1"},"canonical":"https:\/\/septlieues.fr\/index.php\/accueil\/","og_locale":"fr_FR","og_type":"article","og_title":"Accueil -","og_description":"Sept Lieues vous propose un accompagnement complet : strat\u00e9gie de communication, cr\u00e9ation de contenus, graphisme print et web, \u00e0 B\u00e8gles.","og_url":"https:\/\/septlieues.fr\/index.php\/accueil\/","article_modified_time":"2025-03-20T09:21:58+00:00","twitter_card":"summary_large_image","twitter_misc":{"Dur\u00e9e de lecture estim\u00e9e":"1 minute"},"schema":{"@context":"https:\/\/schema.org","@graph":[{"@type":"WebPage","@id":"https:\/\/septlieues.fr\/index.php\/accueil\/","url":"https:\/\/septlieues.fr\/index.php\/accueil\/","name":"Accueil -","isPartOf":{"@id":"https:\/\/septlieues.fr\/#website"},"datePublished":"2021-07-10T16:05:35+00:00","dateModified":"2025-03-20T09:21:58+00:00","description":"Sept Lieues vous propose un accompagnement complet : strat\u00e9gie de communication, cr\u00e9ation de contenus, graphisme print et web, \u00e0 B\u00e8gles.","breadcrumb":{"@id":"https:\/\/septlieues.fr\/index.php\/accueil\/#breadcrumb"},"inLanguage":"fr-FR","potentialAction":[{"@type":"ReadAction","target":["https:\/\/septlieues.fr\/index.php\/accueil\/"]}]},{"@type":"BreadcrumbList","@id":"https:\/\/septlieues.fr\/index.php\/accueil\/#breadcrumb","itemListElement":[{"@type":"ListItem","position":1,"name":"Accueil","item":"https:\/\/septlieues.fr\/"},{"@type":"ListItem","position":2,"name":"Accueil"}]},{"@type":"WebSite","@id":"https:\/\/septlieues.fr\/#website","url":"https:\/\/septlieues.fr\/","name":"","description":"COMMUNICATION &amp; GRAPHISME","potentialAction":[{"@type":"SearchAction","target":{"@type":"EntryPoint","urlTemplate":"https:\/\/septlieues.fr\/?s={search_term_string}"},"query-input":{"@type":"PropertyValueSpecification","valueRequired":true,"valueName":"search_term_string"}}],"inLanguage":"fr-FR"}]}},"_links":{"self":[{"href":"https:\/\/septlieues.fr\/index.php\/wp-json\/wp\/v2\/pages\/5","targetHints":{"allow":["GET"]}}],"collection":[{"href":"https:\/\/septlieues.fr\/index.php\/wp-json\/wp\/v2\/pages"}],"about":[{"href":"https:\/\/septlieues.fr\/index.php\/wp-json\/wp\/v2\/types\/page"}],"author":[{"embeddable":true,"href":"https:\/\/septlieues.fr\/index.php\/wp-json\/wp\/v2\/users\/1"}],"replies":[{"embeddable":true,"href":"https:\/\/septlieues.fr\/index.php\/wp-json\/wp\/v2\/comments?post=5"}],"version-history":[{"count":1,"href":"https:\/\/septlieues.fr\/index.php\/wp-json\/wp\/v2\/pages\/5\/revisions"}],"predecessor-version":[{"id":9,"href":"https:\/\/septlieues.fr\/index.php\/wp-json\/wp\/v2\/pages\/5\/revisions\/9"}],"wp:attachment":[{"href":"https:\/\/septlieues.fr\/index.php\/wp-json\/wp\/v2\/media?parent=5"}],"curies":[{"name":"wp","href":"https:\/\/api.w.org\/{rel}","templated":true}]}}