{"id":132,"date":"2018-05-25T05:53:15","date_gmt":"2018-05-25T03:53:15","guid":{"rendered":"http:\/\/rarathemesdemo.com\/perfect-portfolio\/?page_id=132"},"modified":"2025-02-06T10:32:25","modified_gmt":"2025-02-06T09:32:25","slug":"contact","status":"publish","type":"page","link":"https:\/\/septlieues.fr\/index.php\/contact\/","title":{"rendered":"Contactez moi !"},"content":{"rendered":"\t\t<div data-elementor-type=\"wp-page\" data-elementor-id=\"132\" class=\"elementor elementor-132\">\n\t\t\t\t<div class=\"elementor-element elementor-element-11f6df72 e-flex e-con-boxed wpr-particle-no wpr-jarallax-no wpr-parallax-no wpr-sticky-section-no wpr-equal-height-no e-con e-parent\" data-id=\"11f6df72\" data-element_type=\"container\" data-e-type=\"container\" data-settings=\"{&quot;shape_divider_bottom&quot;:&quot;mountains&quot;}\">\n\t\t\t\t\t<div class=\"e-con-inner\">\n\t\t\t\t<div class=\"elementor-shape elementor-shape-bottom\" aria-hidden=\"true\" data-negative=\"false\">\n\t\t\t<svg xmlns=\"http:\/\/www.w3.org\/2000\/svg\" viewBox=\"0 0 1000 100\" preserveAspectRatio=\"none\">\n\t<path class=\"elementor-shape-fill\" opacity=\"0.33\" d=\"M473,67.3c-203.9,88.3-263.1-34-320.3,0C66,119.1,0,59.7,0,59.7V0h1000v59.7 c0,0-62.1,26.1-94.9,29.3c-32.8,3.3-62.8-12.3-75.8-22.1C806,49.6,745.3,8.7,694.9,4.7S492.4,59,473,67.3z\"\/>\n\t<path class=\"elementor-shape-fill\" opacity=\"0.66\" d=\"M734,67.3c-45.5,0-77.2-23.2-129.1-39.1c-28.6-8.7-150.3-10.1-254,39.1 s-91.7-34.4-149.2,0C115.7,118.3,0,39.8,0,39.8V0h1000v36.5c0,0-28.2-18.5-92.1-18.5C810.2,18.1,775.7,67.3,734,67.3z\"\/>\n\t<path class=\"elementor-shape-fill\" d=\"M766.1,28.9c-200-57.5-266,65.5-395.1,19.5C242,1.8,242,5.4,184.8,20.6C128,35.8,132.3,44.9,89.9,52.5C28.6,63.7,0,0,0,0 h1000c0,0-9.9,40.9-83.6,48.1S829.6,47,766.1,28.9z\"\/>\n<\/svg>\t\t<\/div>\n\t\t\t\t<div class=\"elementor-element elementor-element-ed02374 elementor-widget elementor-widget-heading\" data-id=\"ed02374\" data-element_type=\"widget\" data-e-type=\"widget\" data-widget_type=\"heading.default\">\n\t\t\t\t<div class=\"elementor-widget-container\">\n\t\t\t\t\t<h2 class=\"elementor-heading-title elementor-size-default\">Un projet de communication ?<\/h2>\t\t\t\t<\/div>\n\t\t\t\t<\/div>\n\t\t\t\t<div class=\"elementor-element elementor-element-fbe2d28 elementor-widget elementor-widget-heading\" data-id=\"fbe2d28\" data-element_type=\"widget\" data-e-type=\"widget\" data-widget_type=\"heading.default\">\n\t\t\t\t<div class=\"elementor-widget-container\">\n\t\t\t\t\t<h2 class=\"elementor-heading-title elementor-size-default\">Contactez-moi !<\/h2>\t\t\t\t<\/div>\n\t\t\t\t<\/div>\n\t\t\t\t<div class=\"elementor-element elementor-element-4323c80 elementor-widget elementor-widget-text-editor\" data-id=\"4323c80\" data-element_type=\"widget\" data-e-type=\"widget\" data-widget_type=\"text-editor.default\">\n\t\t\t\t<div class=\"elementor-widget-container\">\n\t\t\t\t\t\t\t\t\t<p>Faisons le point sur vos besoins, l&rsquo;\u00e9tat d&rsquo;avancement de votre projet, votre budget, vos objectifs et vos d\u00e9lais !<br \/>Je suis joignable au <strong>06 64 87 32 30<\/strong>\u00a0et par mail \u00e0 <strong>septlieues@gmail.com<\/strong> ou via le formulaire ci-dessous.<\/p>\t\t\t\t\t\t\t\t<\/div>\n\t\t\t\t<\/div>\n\t\t\t\t<div class=\"elementor-element elementor-element-61e1bccc elementor-widget elementor-widget-shortcode\" data-id=\"61e1bccc\" data-element_type=\"widget\" data-e-type=\"widget\" data-widget_type=\"shortcode.default\">\n\t\t\t\t<div class=\"elementor-widget-container\">\n\t\t\t\t\t\t\t<div class=\"elementor-shortcode\">\n<div class=\"wpcf7 no-js\" id=\"wpcf7-f131-o1\" lang=\"en-US\" dir=\"ltr\" data-wpcf7-id=\"131\">\n<div class=\"screen-reader-response\"><p role=\"status\" aria-live=\"polite\" aria-atomic=\"true\"><\/p> <ul><\/ul><\/div>\n<form action=\"\/index.php\/wp-json\/wp\/v2\/pages\/132#wpcf7-f131-o1\" method=\"post\" class=\"wpcf7-form init\" aria-label=\"Contact form\" novalidate=\"novalidate\" data-status=\"init\">\n<fieldset class=\"hidden-fields-container\"><input type=\"hidden\" name=\"_wpcf7\" value=\"131\" \/><input type=\"hidden\" name=\"_wpcf7_version\" value=\"6.1.5\" \/><input type=\"hidden\" name=\"_wpcf7_locale\" value=\"en_US\" \/><input type=\"hidden\" name=\"_wpcf7_unit_tag\" value=\"wpcf7-f131-o1\" \/><input type=\"hidden\" name=\"_wpcf7_container_post\" value=\"0\" \/><input type=\"hidden\" name=\"_wpcf7_posted_data_hash\" value=\"\" \/>\n<\/fieldset>\n<p><span class=\"wpcf7-form-control-wrap\" data-name=\"your-name\"><input size=\"40\" maxlength=\"400\" class=\"wpcf7-form-control wpcf7-text wpcf7-validates-as-required\" aria-required=\"true\" aria-invalid=\"false\" placeholder=\"Nom\" value=\"\" type=\"text\" name=\"your-name\" \/><\/span>\n<\/p>\n<p><span class=\"wpcf7-form-control-wrap\" data-name=\"your-email\"><input size=\"40\" maxlength=\"400\" class=\"wpcf7-form-control wpcf7-email wpcf7-validates-as-required wpcf7-text wpcf7-validates-as-email\" aria-required=\"true\" aria-invalid=\"false\" placeholder=\"Email\" value=\"\" type=\"email\" name=\"your-email\" \/><\/span>\n<\/p>\n<p><span class=\"wpcf7-form-control-wrap\" data-name=\"tel-60\"><input size=\"40\" maxlength=\"400\" class=\"wpcf7-form-control wpcf7-tel wpcf7-text wpcf7-validates-as-tel\" aria-invalid=\"false\" placeholder=\"T\u00e9l\u00e9phone\" value=\"\" type=\"tel\" name=\"tel-60\" \/><\/span>\n<\/p>\n<p><span class=\"wpcf7-form-control-wrap\" data-name=\"your-message\"><textarea cols=\"40\" rows=\"10\" maxlength=\"2000\" class=\"wpcf7-form-control wpcf7-textarea wpcf7-validates-as-required\" aria-required=\"true\" aria-invalid=\"false\" placeholder=\"Dites-moi tout\" name=\"your-message\"><\/textarea><\/span>\n<\/p>\n<p><span class=\"wpcf7-form-control-wrap\" data-name=\"checkbox-532\"><span class=\"wpcf7-form-control wpcf7-checkbox wpcf7-validates-as-required\"><span class=\"wpcf7-list-item first last\"><label><input type=\"checkbox\" name=\"checkbox-532[]\" value=\"J&#039;accepte que les informations saisies dans ce formulaire fassent l&#039;objet d&#039;un traitement pour permettre de me recontacter et ce uniquement dans le cadre d&#039;une r\u00e9ponse \u00e0 ma demande d&#039;information. Mes informations personnelles ne seront pas c\u00e9d\u00e9es ou transmises \u00e0 des tiers.\" \/><span class=\"wpcf7-list-item-label\">J&#039;accepte que les informations saisies dans ce formulaire fassent l&#039;objet d&#039;un traitement pour permettre de me recontacter et ce uniquement dans le cadre d&#039;une r\u00e9ponse \u00e0 ma demande d&#039;information. Mes informations personnelles ne seront pas c\u00e9d\u00e9es ou transmises \u00e0 des tiers.<\/span><\/label><\/span><\/span><\/span>\n<\/p>\n<p><input class=\"wpcf7-form-control wpcf7-submit has-spinner\" type=\"submit\" value=\"C&#039;est parti !\" \/>\n<\/p><p style=\"display: none !important;\" class=\"akismet-fields-container\" data-prefix=\"_wpcf7_ak_\"><label>&#916;<textarea name=\"_wpcf7_ak_hp_textarea\" cols=\"45\" rows=\"8\" maxlength=\"100\"><\/textarea><\/label><input type=\"hidden\" id=\"ak_js_1\" name=\"_wpcf7_ak_js\" value=\"235\"\/><script>document.getElementById( \"ak_js_1\" ).setAttribute( \"value\", ( new Date() ).getTime() );<\/script><\/p><div class=\"wpcf7-response-output\" aria-hidden=\"true\"><\/div>\n<\/form>\n<\/div>\n<\/div>\n\t\t\t\t\t\t<\/div>\n\t\t\t\t<\/div>\n\t\t\t\t\t<\/div>\n\t\t\t\t<\/div>\n\t\t<div class=\"elementor-element elementor-element-09bc22a e-con-full e-flex wpr-particle-no wpr-jarallax-no wpr-parallax-no wpr-sticky-section-no wpr-equal-height-no e-con e-parent\" data-id=\"09bc22a\" data-element_type=\"container\" data-e-type=\"container\">\n\t\t<div class=\"elementor-element elementor-element-8f85f67 e-con-full e-flex wpr-particle-no wpr-jarallax-no wpr-parallax-no wpr-sticky-section-no wpr-equal-height-no e-con e-child\" data-id=\"8f85f67\" data-element_type=\"container\" data-e-type=\"container\" data-settings=\"{&quot;background_background&quot;:&quot;classic&quot;}\">\n\t\t<div class=\"elementor-element elementor-element-5d39cb7 e-con-full e-flex wpr-particle-no wpr-jarallax-no wpr-parallax-no wpr-sticky-section-no wpr-equal-height-no e-con e-child\" data-id=\"5d39cb7\" data-element_type=\"container\" data-e-type=\"container\">\n\t\t\t\t<div class=\"elementor-element elementor-element-9067f68 elementor-view-default elementor-widget elementor-widget-icon\" data-id=\"9067f68\" data-element_type=\"widget\" data-e-type=\"widget\" data-widget_type=\"icon.default\">\n\t\t\t\t<div class=\"elementor-widget-container\">\n\t\t\t\t\t\t\t<div class=\"elementor-icon-wrapper\">\n\t\t\t<div class=\"elementor-icon\">\n\t\t\t<svg aria-hidden=\"true\" class=\"e-font-icon-svg e-fas-quote-left\" viewBox=\"0 0 512 512\" xmlns=\"http:\/\/www.w3.org\/2000\/svg\"><path d=\"M464 256h-80v-64c0-35.3 28.7-64 64-64h8c13.3 0 24-10.7 24-24V56c0-13.3-10.7-24-24-24h-8c-88.4 0-160 71.6-160 160v240c0 26.5 21.5 48 48 48h128c26.5 0 48-21.5 48-48V304c0-26.5-21.5-48-48-48zm-288 0H96v-64c0-35.3 28.7-64 64-64h8c13.3 0 24-10.7 24-24V56c0-13.3-10.7-24-24-24h-8C71.6 32 0 103.6 0 192v240c0 26.5 21.5 48 48 48h128c26.5 0 48-21.5 48-48V304c0-26.5-21.5-48-48-48z\"><\/path><\/svg>\t\t\t<\/div>\n\t\t<\/div>\n\t\t\t\t\t\t<\/div>\n\t\t\t\t<\/div>\n\t\t\t\t<div class=\"elementor-element elementor-element-e5b22a5 elementor-widget elementor-widget-heading\" data-id=\"e5b22a5\" data-element_type=\"widget\" data-e-type=\"widget\" data-widget_type=\"heading.default\">\n\t\t\t\t<div class=\"elementor-widget-container\">\n\t\t\t\t\t<h3 class=\"elementor-heading-title elementor-size-default\">Pourquoi Sept Lieues ?<\/h3>\t\t\t\t<\/div>\n\t\t\t\t<\/div>\n\t\t\t\t<div class=\"elementor-element elementor-element-db77315 .mulitply elementor-widget elementor-widget-text-editor\" data-id=\"db77315\" data-element_type=\"widget\" data-e-type=\"widget\" data-widget_type=\"text-editor.default\">\n\t\t\t\t<div class=\"elementor-widget-container\">\n\t\t\t\t\t\t\t\t\t<blockquote><p><em>Dans les contes de f\u00e9es, les bottes de sept lieues sont des bottes magiques qui s\u2019adaptent \u00e0 la taille de celui qui les chausse et permettent de parcourir sept lieues en une seule enjamb\u00e9e ! Impressionnant, non ?<\/em><\/p><p><em>Ainsi, \u00ab\u00a0chausser ses bottes de sept lieues\u00a0\u00bb veut dire se pr\u00e9parer \u00e0 avancer rapidement, conna\u00eetre une ascension fulgurante.<\/em><\/p><\/blockquote>\t\t\t\t\t\t\t\t<\/div>\n\t\t\t\t<\/div>\n\t\t\t\t<\/div>\n\t\t<div class=\"elementor-element elementor-element-23e4523 e-con-full e-flex wpr-particle-no wpr-jarallax-no wpr-parallax-no wpr-sticky-section-no wpr-equal-height-no e-con e-child\" data-id=\"23e4523\" data-element_type=\"container\" data-e-type=\"container\">\n\t\t\t\t<div class=\"elementor-element elementor-element-1a259dc stabilo elementor-widget elementor-widget-heading\" data-id=\"1a259dc\" data-element_type=\"widget\" data-e-type=\"widget\" data-widget_type=\"heading.default\">\n\t\t\t\t<div class=\"elementor-widget-container\">\n\t\t\t\t\t<h2 class=\"elementor-heading-title elementor-size-default\">Un projet ?<\/h2>\t\t\t\t<\/div>\n\t\t\t\t<\/div>\n\t\t\t\t<div class=\"elementor-element elementor-element-0016b27 elementor-widget elementor-widget-heading\" data-id=\"0016b27\" data-element_type=\"widget\" data-e-type=\"widget\" data-widget_type=\"heading.default\">\n\t\t\t\t<div class=\"elementor-widget-container\">\n\t\t\t\t\t<h2 class=\"elementor-heading-title elementor-size-default\">LET'S GO !<\/h2>\t\t\t\t<\/div>\n\t\t\t\t<\/div>\n\t\t\t\t<div class=\"elementor-element elementor-element-44bb7cb elementor-widget elementor-widget-text-editor\" data-id=\"44bb7cb\" data-element_type=\"widget\" data-e-type=\"widget\" data-widget_type=\"text-editor.default\">\n\t\t\t\t<div class=\"elementor-widget-container\">\n\t\t\t\t\t\t\t\t\t<p style=\"text-align: center;\">N&rsquo;h\u00e9sitez pas \u00e0 me contacter <br \/>et discutons-en\u00a0 !<\/p>\t\t\t\t\t\t\t\t<\/div>\n\t\t\t\t<\/div>\n\t\t\t\t<\/div>\n\t\t<div class=\"elementor-element elementor-element-5b401e3 e-con-full e-flex wpr-particle-no wpr-jarallax-no wpr-parallax-no wpr-sticky-section-no wpr-equal-height-no e-con e-child\" data-id=\"5b401e3\" data-element_type=\"container\" data-e-type=\"container\">\n\t\t\t\t<div class=\"elementor-element elementor-element-2f10186 elementor-widget elementor-widget-image\" data-id=\"2f10186\" data-element_type=\"widget\" data-e-type=\"widget\" data-widget_type=\"image.default\">\n\t\t\t\t<div class=\"elementor-widget-container\">\n\t\t\t\t\t\t\t\t\t\t\t\t\t\t\t<img decoding=\"async\" src=\"https:\/\/septlieues.fr\/wp-content\/uploads\/elementor\/thumbs\/Fichier-7-1-qznrlolsrukbha25dao0ts4skks6zet7kl76o2oboy.png\" title=\"Fichier 7\" alt=\"Fichier 7\" loading=\"lazy\" \/>\t\t\t\t\t\t\t\t\t\t\t\t\t\t\t<\/div>\n\t\t\t\t<\/div>\n\t\t\t\t<div class=\"elementor-element elementor-element-a92327b elementor-widget elementor-widget-text-editor\" data-id=\"a92327b\" data-element_type=\"widget\" data-e-type=\"widget\" data-widget_type=\"text-editor.default\">\n\t\t\t\t<div class=\"elementor-widget-container\">\n\t\t\t\t\t\t\t\t\t<h3 style=\"text-align: center;\">06 64 87 32 30<\/h3><h3 style=\"text-align: center;\">septlieues[at]gmail.com<\/h3>\t\t\t\t\t\t\t\t<\/div>\n\t\t\t\t<\/div>\n\t\t\t\t<div class=\"elementor-element elementor-element-f6970ce elementor-widget elementor-widget-heading\" data-id=\"f6970ce\" data-element_type=\"widget\" data-e-type=\"widget\" data-widget_type=\"heading.default\">\n\t\t\t\t<div class=\"elementor-widget-container\">\n\t\t\t\t\t<h1 class=\"elementor-heading-title elementor-size-default\"><a href=\"https:\/\/www.facebook.com\/septlieues\/\" target=\"_blank\"><i class=\"fa-brands fa-facebook\"><\/i><\/a> <a href=\"https:\/\/www.instagram.com\/sept_lieues\/\"><i class=\"fa-brands fa-instagram\"><\/i><\/a><\/h1>\t\t\t\t<\/div>\n\t\t\t\t<\/div>\n\t\t\t\t<\/div>\n\t\t\t\t<\/div>\n\t\t\t\t<\/div>\n\t\t\t\t<\/div>\n\t\t","protected":false},"excerpt":{"rendered":"<p>Un projet de communication ? Contactez-moi ! Faisons le point sur vos besoins, l&rsquo;\u00e9tat d&rsquo;avancement de votre projet, votre budget, vos objectifs et vos d\u00e9lais !Je suis joignable au 06 64 87 32 30\u00a0et par mail \u00e0 septlieues@gmail.com ou via le formulaire ci-dessous. Pourquoi Sept Lieues ? Dans les contes de f\u00e9es, les bottes de sept lieues sont des bottes magiques qui s\u2019adaptent \u00e0 la taille de celui qui les chausse et permettent de parcourir sept lieues en une seule enjamb\u00e9e ! Impressionnant, non ? Ainsi, \u00ab\u00a0chausser ses bottes de sept lieues\u00a0\u00bb veut dire se pr\u00e9parer \u00e0 avancer rapidement, conna\u00eetre une ascension fulgurante. Un projet ? LET&rsquo;S GO ! N&rsquo;h\u00e9sitez pas \u00e0 me contacter et discutons-en\u00a0 ! 06 64 87 32 30 septlieues[at]gmail.com<\/p>\n","protected":false},"author":1,"featured_media":0,"parent":0,"menu_order":0,"comment_status":"closed","ping_status":"closed","template":"","meta":{"footnotes":""},"class_list":["post-132","page","type-page","status-publish","hentry"],"yoast_head":"<!-- This site is optimized with the Yoast SEO plugin v27.3 - https:\/\/yoast.com\/product\/yoast-seo-wordpress\/ -->\n<title>Contact \u00b7 Sept Lieues \u00b7 Communication &amp; Graphisme \u00b7 B\u00e8gles<\/title>\n<meta name=\"description\" content=\"Un projet en communication ? Contactez Sept Lieues, Communication &amp; Graphisme, pour tous vos projets print et web.\" \/>\n<meta name=\"robots\" content=\"index, follow, max-snippet:-1, max-image-preview:large, max-video-preview:-1\" \/>\n<link rel=\"canonical\" href=\"https:\/\/septlieues.fr\/index.php\/contact\/\" \/>\n<meta property=\"og:locale\" content=\"fr_FR\" \/>\n<meta property=\"og:type\" content=\"article\" \/>\n<meta property=\"og:title\" content=\"Contact \u00b7 Sept Lieues \u00b7 Communication &amp; Graphisme \u00b7 B\u00e8gles\" \/>\n<meta property=\"og:description\" content=\"Un projet en communication ? Contactez Sept Lieues, Communication &amp; Graphisme, pour tous vos projets print et web.\" \/>\n<meta property=\"og:url\" content=\"https:\/\/septlieues.fr\/index.php\/contact\/\" \/>\n<meta property=\"article:modified_time\" content=\"2025-02-06T09:32:25+00:00\" \/>\n<meta property=\"og:image\" content=\"https:\/\/septlieues.fr\/wp-content\/uploads\/elementor\/thumbs\/Fichier-7-1-qznrlolsrukbha25dao0ts4skks6zet7kl76o2obp8.png\" \/>\n<meta name=\"twitter:card\" content=\"summary_large_image\" \/>\n<meta name=\"twitter:label1\" content=\"Dur\u00e9e de lecture estim\u00e9e\" \/>\n\t<meta name=\"twitter:data1\" content=\"1 minute\" \/>\n<script type=\"application\/ld+json\" class=\"yoast-schema-graph\">{\"@context\":\"https:\\\/\\\/schema.org\",\"@graph\":[{\"@type\":\"WebPage\",\"@id\":\"https:\\\/\\\/septlieues.fr\\\/index.php\\\/contact\\\/\",\"url\":\"https:\\\/\\\/septlieues.fr\\\/index.php\\\/contact\\\/\",\"name\":\"Contact \u00b7 Sept Lieues \u00b7 Communication & Graphisme \u00b7 B\u00e8gles\",\"isPartOf\":{\"@id\":\"https:\\\/\\\/septlieues.fr\\\/#website\"},\"primaryImageOfPage\":{\"@id\":\"https:\\\/\\\/septlieues.fr\\\/index.php\\\/contact\\\/#primaryimage\"},\"image\":{\"@id\":\"https:\\\/\\\/septlieues.fr\\\/index.php\\\/contact\\\/#primaryimage\"},\"thumbnailUrl\":\"https:\\\/\\\/septlieues.fr\\\/wp-content\\\/uploads\\\/elementor\\\/thumbs\\\/Fichier-7-1-qznrlolsrukbha25dao0ts4skks6zet7kl76o2obp8.png\",\"datePublished\":\"2018-05-25T03:53:15+00:00\",\"dateModified\":\"2025-02-06T09:32:25+00:00\",\"description\":\"Un projet en communication ? Contactez Sept Lieues, Communication & Graphisme, pour tous vos projets print et web.\",\"breadcrumb\":{\"@id\":\"https:\\\/\\\/septlieues.fr\\\/index.php\\\/contact\\\/#breadcrumb\"},\"inLanguage\":\"fr-FR\",\"potentialAction\":[{\"@type\":\"ReadAction\",\"target\":[\"https:\\\/\\\/septlieues.fr\\\/index.php\\\/contact\\\/\"]}]},{\"@type\":\"ImageObject\",\"inLanguage\":\"fr-FR\",\"@id\":\"https:\\\/\\\/septlieues.fr\\\/index.php\\\/contact\\\/#primaryimage\",\"url\":\"https:\\\/\\\/septlieues.fr\\\/wp-content\\\/uploads\\\/elementor\\\/thumbs\\\/Fichier-7-1-qznrlolsrukbha25dao0ts4skks6zet7kl76o2obp8.png\",\"contentUrl\":\"https:\\\/\\\/septlieues.fr\\\/wp-content\\\/uploads\\\/elementor\\\/thumbs\\\/Fichier-7-1-qznrlolsrukbha25dao0ts4skks6zet7kl76o2obp8.png\"},{\"@type\":\"BreadcrumbList\",\"@id\":\"https:\\\/\\\/septlieues.fr\\\/index.php\\\/contact\\\/#breadcrumb\",\"itemListElement\":[{\"@type\":\"ListItem\",\"position\":1,\"name\":\"Accueil\",\"item\":\"https:\\\/\\\/septlieues.fr\\\/\"},{\"@type\":\"ListItem\",\"position\":2,\"name\":\"Contactez moi !\"}]},{\"@type\":\"WebSite\",\"@id\":\"https:\\\/\\\/septlieues.fr\\\/#website\",\"url\":\"https:\\\/\\\/septlieues.fr\\\/\",\"name\":\"\",\"description\":\"COMMUNICATION &amp; GRAPHISME\",\"potentialAction\":[{\"@type\":\"SearchAction\",\"target\":{\"@type\":\"EntryPoint\",\"urlTemplate\":\"https:\\\/\\\/septlieues.fr\\\/?s={search_term_string}\"},\"query-input\":{\"@type\":\"PropertyValueSpecification\",\"valueRequired\":true,\"valueName\":\"search_term_string\"}}],\"inLanguage\":\"fr-FR\"}]}<\/script>\n<!-- \/ Yoast SEO plugin. -->","yoast_head_json":{"title":"Contact \u00b7 Sept Lieues \u00b7 Communication & Graphisme \u00b7 B\u00e8gles","description":"Un projet en communication ? Contactez Sept Lieues, Communication & Graphisme, pour tous vos projets print et web.","robots":{"index":"index","follow":"follow","max-snippet":"max-snippet:-1","max-image-preview":"max-image-preview:large","max-video-preview":"max-video-preview:-1"},"canonical":"https:\/\/septlieues.fr\/index.php\/contact\/","og_locale":"fr_FR","og_type":"article","og_title":"Contact \u00b7 Sept Lieues \u00b7 Communication & Graphisme \u00b7 B\u00e8gles","og_description":"Un projet en communication ? Contactez Sept Lieues, Communication & Graphisme, pour tous vos projets print et web.","og_url":"https:\/\/septlieues.fr\/index.php\/contact\/","article_modified_time":"2025-02-06T09:32:25+00:00","og_image":[{"url":"https:\/\/septlieues.fr\/wp-content\/uploads\/elementor\/thumbs\/Fichier-7-1-qznrlolsrukbha25dao0ts4skks6zet7kl76o2obp8.png","type":"","width":"","height":""}],"twitter_card":"summary_large_image","twitter_misc":{"Dur\u00e9e de lecture estim\u00e9e":"1 minute"},"schema":{"@context":"https:\/\/schema.org","@graph":[{"@type":"WebPage","@id":"https:\/\/septlieues.fr\/index.php\/contact\/","url":"https:\/\/septlieues.fr\/index.php\/contact\/","name":"Contact \u00b7 Sept Lieues \u00b7 Communication & Graphisme \u00b7 B\u00e8gles","isPartOf":{"@id":"https:\/\/septlieues.fr\/#website"},"primaryImageOfPage":{"@id":"https:\/\/septlieues.fr\/index.php\/contact\/#primaryimage"},"image":{"@id":"https:\/\/septlieues.fr\/index.php\/contact\/#primaryimage"},"thumbnailUrl":"https:\/\/septlieues.fr\/wp-content\/uploads\/elementor\/thumbs\/Fichier-7-1-qznrlolsrukbha25dao0ts4skks6zet7kl76o2obp8.png","datePublished":"2018-05-25T03:53:15+00:00","dateModified":"2025-02-06T09:32:25+00:00","description":"Un projet en communication ? Contactez Sept Lieues, Communication & Graphisme, pour tous vos projets print et web.","breadcrumb":{"@id":"https:\/\/septlieues.fr\/index.php\/contact\/#breadcrumb"},"inLanguage":"fr-FR","potentialAction":[{"@type":"ReadAction","target":["https:\/\/septlieues.fr\/index.php\/contact\/"]}]},{"@type":"ImageObject","inLanguage":"fr-FR","@id":"https:\/\/septlieues.fr\/index.php\/contact\/#primaryimage","url":"https:\/\/septlieues.fr\/wp-content\/uploads\/elementor\/thumbs\/Fichier-7-1-qznrlolsrukbha25dao0ts4skks6zet7kl76o2obp8.png","contentUrl":"https:\/\/septlieues.fr\/wp-content\/uploads\/elementor\/thumbs\/Fichier-7-1-qznrlolsrukbha25dao0ts4skks6zet7kl76o2obp8.png"},{"@type":"BreadcrumbList","@id":"https:\/\/septlieues.fr\/index.php\/contact\/#breadcrumb","itemListElement":[{"@type":"ListItem","position":1,"name":"Accueil","item":"https:\/\/septlieues.fr\/"},{"@type":"ListItem","position":2,"name":"Contactez moi !"}]},{"@type":"WebSite","@id":"https:\/\/septlieues.fr\/#website","url":"https:\/\/septlieues.fr\/","name":"","description":"COMMUNICATION &amp; GRAPHISME","potentialAction":[{"@type":"SearchAction","target":{"@type":"EntryPoint","urlTemplate":"https:\/\/septlieues.fr\/?s={search_term_string}"},"query-input":{"@type":"PropertyValueSpecification","valueRequired":true,"valueName":"search_term_string"}}],"inLanguage":"fr-FR"}]}},"_links":{"self":[{"href":"https:\/\/septlieues.fr\/index.php\/wp-json\/wp\/v2\/pages\/132","targetHints":{"allow":["GET"]}}],"collection":[{"href":"https:\/\/septlieues.fr\/index.php\/wp-json\/wp\/v2\/pages"}],"about":[{"href":"https:\/\/septlieues.fr\/index.php\/wp-json\/wp\/v2\/types\/page"}],"author":[{"embeddable":true,"href":"https:\/\/septlieues.fr\/index.php\/wp-json\/wp\/v2\/users\/1"}],"replies":[{"embeddable":true,"href":"https:\/\/septlieues.fr\/index.php\/wp-json\/wp\/v2\/comments?post=132"}],"version-history":[{"count":22,"href":"https:\/\/septlieues.fr\/index.php\/wp-json\/wp\/v2\/pages\/132\/revisions"}],"predecessor-version":[{"id":1738,"href":"https:\/\/septlieues.fr\/index.php\/wp-json\/wp\/v2\/pages\/132\/revisions\/1738"}],"wp:attachment":[{"href":"https:\/\/septlieues.fr\/index.php\/wp-json\/wp\/v2\/media?parent=132"}],"curies":[{"name":"wp","href":"https:\/\/api.w.org\/{rel}","templated":true}]}}